{"id":1044,"date":"2024-11-25T15:36:54","date_gmt":"2024-11-25T15:36:54","guid":{"rendered":"https:\/\/aquilombos.org\/?page_id=1044"},"modified":"2025-01-12T00:40:06","modified_gmt":"2025-01-12T00:40:06","slug":"support","status":"publish","type":"page","link":"https:\/\/aquilombos.org\/pt\/support\/","title":{"rendered":"Apoie"},"content":{"rendered":"\t\t<div data-elementor-type=\"wp-page\" data-elementor-id=\"1044\" class=\"elementor elementor-1044\">\n\t\t\t\t<div class=\"elementor-element elementor-element-d3dbe8c e-grid e-con-boxed e-con e-parent\" data-id=\"d3dbe8c\" data-element_type=\"container\" data-e-type=\"container\" data-settings=\"{&quot;background_background&quot;:&quot;classic&quot;}\">\n\t\t\t\t\t<div class=\"e-con-inner\">\n\t\t<div class=\"elementor-element elementor-element-e7683b6 e-con-full e-flex e-con e-child\" data-id=\"e7683b6\" data-element_type=\"container\" data-e-type=\"container\">\n\t\t\t\t<div class=\"elementor-element elementor-element-ec13451 elementor-widget elementor-widget-heading\" data-id=\"ec13451\" data-element_type=\"widget\" data-e-type=\"widget\" data-widget_type=\"heading.default\">\n\t\t\t\t<div class=\"elementor-widget-container\">\n\t\t\t\t\t<h2 class=\"elementor-heading-title elementor-size-default\">Supporting Our Cause<\/h2>\t\t\t\t<\/div>\n\t\t\t\t<\/div>\n\t\t\t\t<div class=\"elementor-element elementor-element-ca0932e elementor-widget elementor-widget-text-editor\" data-id=\"ca0932e\" data-element_type=\"widget\" data-e-type=\"widget\" data-widget_type=\"text-editor.default\">\n\t\t\t\t<div class=\"elementor-widget-container\">\n\t\t\t\t\t\t\t\t\t<p><span style=\"white-space-collapse: preserve;\">Your donations to the Quilombos of Alc\u00e2ntara will greatly aid our ongoing struggle for recognition of our collective land rights by the Brazilian government. In the immediate future, contributions will be used to acquire a van to increase the connectivity between our neighboring Quilombo communities by supporting transportation to medical facilities, facilitating medical service delivery, bringing youth together, and allowing for tourists to visit the region. In the long term, funds will help improve our infrastructure, including our roads, schools, and medical facilities, as well as increase our educational resources and our ability to implement environmental restoration initiatives to preserve our forests and rivers.<br \/><br \/>Our visions of thriving and self-determination are big but they are achievable! Join the movement and donate to support our efforts!<\/span><\/p>\t\t\t\t\t\t\t\t<\/div>\n\t\t\t\t<\/div>\n\t\t\t\t<\/div>\n\t\t<div class=\"elementor-element elementor-element-29226b3 e-con-full e-flex e-con e-child\" data-id=\"29226b3\" data-element_type=\"container\" data-e-type=\"container\">\n\t\t\t\t<div class=\"elementor-element elementor-element-b49b335 elementor-widget elementor-widget-image\" data-id=\"b49b335\" data-element_type=\"widget\" data-e-type=\"widget\" data-widget_type=\"image.default\">\n\t\t\t\t<div class=\"elementor-widget-container\">\n\t\t\t\t\t\t\t\t\t\t\t\t\t\t\t<img fetchpriority=\"high\" decoding=\"async\" width=\"1024\" height=\"768\" src=\"https:\/\/aquilombos.org\/wp-content\/uploads\/2024\/11\/Josue-de-Jesus-Torres-Diniz__0037-1-1024x768.jpg\" class=\"attachment-large size-large wp-image-1325\" alt=\"\" srcset=\"https:\/\/aquilombos.org\/wp-content\/uploads\/2024\/11\/Josue-de-Jesus-Torres-Diniz__0037-1-1024x768.jpg 1024w, https:\/\/aquilombos.org\/wp-content\/uploads\/2024\/11\/Josue-de-Jesus-Torres-Diniz__0037-1-300x225.jpg 300w, https:\/\/aquilombos.org\/wp-content\/uploads\/2024\/11\/Josue-de-Jesus-Torres-Diniz__0037-1-768x576.jpg 768w, https:\/\/aquilombos.org\/wp-content\/uploads\/2024\/11\/Josue-de-Jesus-Torres-Diniz__0037-1-1536x1152.jpg 1536w, https:\/\/aquilombos.org\/wp-content\/uploads\/2024\/11\/Josue-de-Jesus-Torres-Diniz__0037-1-2048x1536.jpg 2048w\" sizes=\"(max-width: 1024px) 100vw, 1024px\" \/>\t\t\t\t\t\t\t\t\t\t\t\t\t\t\t<\/div>\n\t\t\t\t<\/div>\n\t\t\t\t<div class=\"elementor-element elementor-element-90b8060 elementor-widget elementor-widget-text-editor\" data-id=\"90b8060\" data-element_type=\"widget\" data-e-type=\"widget\" data-widget_type=\"text-editor.default\">\n\t\t\t\t<div class=\"elementor-widget-container\">\n\t\t\t\t\t\t\t\t\t<p>Local on a dirt road in Canelatiua Quilombo, Alc\u00e2ntara, Maranh\u00e3o \u00a9 2024 Josue de Jesus Torres Diniz<\/p>\t\t\t\t\t\t\t\t<\/div>\n\t\t\t\t<\/div>\n\t\t\t\t<\/div>\n\t\t\t\t\t<\/div>\n\t\t\t\t<\/div>\n\t\t<div class=\"elementor-element elementor-element-2fa89ed e-grid e-con-boxed e-con e-parent\" data-id=\"2fa89ed\" data-element_type=\"container\" data-e-type=\"container\">\n\t\t\t\t\t<div class=\"e-con-inner\">\n\t\t<div class=\"elementor-element elementor-element-91d61b7 e-con-full e-flex e-con e-child\" data-id=\"91d61b7\" data-element_type=\"container\" data-e-type=\"container\">\n\t\t\t\t<div class=\"elementor-element elementor-element-5d4df7d elementor-widget elementor-widget-heading\" data-id=\"5d4df7d\" data-element_type=\"widget\" data-e-type=\"widget\" data-widget_type=\"heading.default\">\n\t\t\t\t<div class=\"elementor-widget-container\">\n\t\t\t\t\t<h3 class=\"elementor-heading-title elementor-size-default\">1. Pix\/ Local Bank Transfer\u200b<\/h3>\t\t\t\t<\/div>\n\t\t\t\t<\/div>\n\t\t<div class=\"elementor-element elementor-element-51f0a26 e-grid e-con-full e-con e-child\" data-id=\"51f0a26\" data-element_type=\"container\" data-e-type=\"container\">\n\t\t<div class=\"elementor-element elementor-element-943ce9c e-con-full e-flex e-con e-child\" data-id=\"943ce9c\" data-element_type=\"container\" data-e-type=\"container\">\n\t\t\t\t<div class=\"elementor-element elementor-element-94791ff elementor-widget elementor-widget-text-editor\" data-id=\"94791ff\" data-element_type=\"widget\" data-e-type=\"widget\" data-widget_type=\"text-editor.default\">\n\t\t\t\t<div class=\"elementor-widget-container\">\n\t\t\t\t\t\t\t\t\t<p><span style=\"white-space-collapse: preserve;\">Pix Code<\/span><\/p>\t\t\t\t\t\t\t\t<\/div>\n\t\t\t\t<\/div>\n\t\t\t\t<div class=\"elementor-element elementor-element-49958fc elementor-widget elementor-widget-image\" data-id=\"49958fc\" data-element_type=\"widget\" data-e-type=\"widget\" data-widget_type=\"image.default\">\n\t\t\t\t<div class=\"elementor-widget-container\">\n\t\t\t\t\t\t\t\t\t\t\t\t\t\t\t<img decoding=\"async\" width=\"238\" height=\"244\" src=\"https:\/\/aquilombos.org\/wp-content\/uploads\/2024\/11\/qrcode-pixQuilombo-de-alcantara-1-2.png\" class=\"attachment-medium_large size-medium_large wp-image-1326\" alt=\"\" \/>\t\t\t\t\t\t\t\t\t\t\t\t\t\t\t<\/div>\n\t\t\t\t<\/div>\n\t\t\t\t<div class=\"elementor-element elementor-element-abbcab4 elementor-widget elementor-widget-text-editor\" data-id=\"abbcab4\" data-element_type=\"widget\" data-e-type=\"widget\" data-widget_type=\"text-editor.default\">\n\t\t\t\t<div class=\"elementor-widget-container\">\n\t\t\t\t\t\t\t\t\t<p><b>Key<\/b>: territorioatequila1@gmail.com&nbsp;<br><span style=\"background-color: var(--ast-global-color-4); text-align: var(--text-align);\"><b>Beneficiary<\/b>: Associa\u00e7\u00e3o do Territ\u00f3rio \u00c9tnico Quilombola de Alc\u00e2ntara &#8211; ATEQUILA [Quilombos de Alc\u00e2ntara]<br><b>Financial institution<\/b>: Banco do Brasil<br><\/span><\/p>\t\t\t\t\t\t\t\t<\/div>\n\t\t\t\t<\/div>\n\t\t\t\t<\/div>\n\t\t<div class=\"elementor-element elementor-element-9dc8b58 e-con-full e-flex e-con e-child\" data-id=\"9dc8b58\" data-element_type=\"container\" data-e-type=\"container\">\n\t\t\t\t<div class=\"elementor-element elementor-element-42c8fc9 elementor-widget elementor-widget-text-editor\" data-id=\"42c8fc9\" data-element_type=\"widget\" data-e-type=\"widget\" data-widget_type=\"text-editor.default\">\n\t\t\t\t<div class=\"elementor-widget-container\">\n\t\t\t\t\t\t\t\t\t<p>\u00a0<\/p><ol><li><span style=\"white-space-collapse: preserve;\">Scan the PIX QR code, or look up territorioatequila1@gmail.com through your banking app<\/span><\/li><li><span style=\"white-space-collapse: preserve;\">Choose your desired donation amount<\/span><\/li><li><span style=\"white-space-collapse: preserve;\">Follow the instructions on your banking app<\/span><\/li><li><span style=\"white-space-collapse: preserve;\">That\u2019s it! Stay connected to our movement! <\/span><\/li><\/ol>\t\t\t\t\t\t\t\t<\/div>\n\t\t\t\t<\/div>\n\t\t\t\t<div class=\"elementor-element elementor-element-77f685a elementor-widget-mobile__width-initial elementor-widget elementor-widget-button\" data-id=\"77f685a\" data-element_type=\"widget\" data-e-type=\"widget\" data-widget_type=\"button.default\">\n\t\t\t\t<div class=\"elementor-widget-container\">\n\t\t\t\t\t\t\t\t\t<div class=\"elementor-button-wrapper\">\n\t\t\t\t\t<a class=\"elementor-button elementor-button-link elementor-size-sm\" href=\"#\">\n\t\t\t\t\t\t<span class=\"elementor-button-content-wrapper\">\n\t\t\t\t\t\t\t\t\t<span class=\"elementor-button-text\">Suggested Donation Amounts\nR$25, R$55, R$100<\/span>\n\t\t\t\t\t<\/span>\n\t\t\t\t\t<\/a>\n\t\t\t\t<\/div>\n\t\t\t\t\t\t\t\t<\/div>\n\t\t\t\t<\/div>\n\t\t\t\t<\/div>\n\t\t\t\t<\/div>\n\t\t\t\t<\/div>\n\t\t<div class=\"elementor-element elementor-element-36640d3 e-con-full e-flex e-con e-child\" data-id=\"36640d3\" data-element_type=\"container\" data-e-type=\"container\">\n\t\t\t\t<div class=\"elementor-element elementor-element-b48b67c elementor-widget elementor-widget-heading\" data-id=\"b48b67c\" data-element_type=\"widget\" data-e-type=\"widget\" data-widget_type=\"heading.default\">\n\t\t\t\t<div class=\"elementor-widget-container\">\n\t\t\t\t\t<h3 class=\"elementor-heading-title elementor-size-default\">2. PayPal (International Donations)\u200b<\/h3>\t\t\t\t<\/div>\n\t\t\t\t<\/div>\n\t\t<div class=\"elementor-element elementor-element-0053974 e-con-full e-flex e-con e-child\" data-id=\"0053974\" data-element_type=\"container\" data-e-type=\"container\">\n\t\t\t\t<div class=\"elementor-element elementor-element-001ba8b elementor-widget elementor-widget-text-editor\" data-id=\"001ba8b\" data-element_type=\"widget\" data-e-type=\"widget\" data-widget_type=\"text-editor.default\">\n\t\t\t\t<div class=\"elementor-widget-container\">\n\t\t\t\t\t\t\t\t\t<p><span style=\"white-space-collapse: preserve;\">Coming Soon!<\/span><\/p>\t\t\t\t\t\t\t\t<\/div>\n\t\t\t\t<\/div>\n\t\t\t\t<div class=\"elementor-element elementor-element-594aef8 elementor-widget elementor-widget-image\" data-id=\"594aef8\" data-element_type=\"widget\" data-e-type=\"widget\" data-widget_type=\"image.default\">\n\t\t\t\t<div class=\"elementor-widget-container\">\n\t\t\t\t\t\t\t\t\t\t\t\t\t\t\t<img decoding=\"async\" width=\"1024\" height=\"768\" src=\"https:\/\/aquilombos.org\/wp-content\/uploads\/2024\/11\/IMG_5011-1-1024x768.jpg\" class=\"attachment-large size-large wp-image-1323\" alt=\"\" srcset=\"https:\/\/aquilombos.org\/wp-content\/uploads\/2024\/11\/IMG_5011-1-1024x768.jpg 1024w, https:\/\/aquilombos.org\/wp-content\/uploads\/2024\/11\/IMG_5011-1-300x225.jpg 300w, https:\/\/aquilombos.org\/wp-content\/uploads\/2024\/11\/IMG_5011-1-768x576.jpg 768w, https:\/\/aquilombos.org\/wp-content\/uploads\/2024\/11\/IMG_5011-1-1536x1152.jpg 1536w, https:\/\/aquilombos.org\/wp-content\/uploads\/2024\/11\/IMG_5011-1-2048x1536.jpg 2048w\" sizes=\"(max-width: 1024px) 100vw, 1024px\" \/>\t\t\t\t\t\t\t\t\t\t\t\t\t\t\t<\/div>\n\t\t\t\t<\/div>\n\t\t\t\t<div class=\"elementor-element elementor-element-684b0ca elementor-widget elementor-widget-text-editor\" data-id=\"684b0ca\" data-element_type=\"widget\" data-e-type=\"widget\" data-widget_type=\"text-editor.default\">\n\t\t\t\t<div class=\"elementor-widget-container\">\n\t\t\t\t\t\t\t\t\t<p>Gathering on the beach in Vista Alegre Quilombo, Alc\u00e2ntara, Maranh\u00e3o \u00a9 2024 Cat Diggs\u00a0<\/p>\t\t\t\t\t\t\t\t<\/div>\n\t\t\t\t<\/div>\n\t\t\t\t<\/div>\n\t\t\t\t<\/div>\n\t\t<div class=\"elementor-element elementor-element-fc0ed9e e-grid e-con-full e-con e-child\" data-id=\"fc0ed9e\" data-element_type=\"container\" data-e-type=\"container\">\n\t\t<div class=\"elementor-element elementor-element-b4d46ac e-con-full e-flex e-con e-child\" data-id=\"b4d46ac\" data-element_type=\"container\" data-e-type=\"container\">\n\t\t\t\t<div class=\"elementor-element elementor-element-07ecceb elementor-widget elementor-widget-text-editor\" data-id=\"07ecceb\" data-element_type=\"widget\" data-e-type=\"widget\" data-widget_type=\"text-editor.default\">\n\t\t\t\t<div class=\"elementor-widget-container\">\n\t\t\t\t\t\t\t\t\t<p><b>Local Bank Transfer<\/b><\/p>\t\t\t\t\t\t\t\t<\/div>\n\t\t\t\t<\/div>\n\t\t\t\t<div class=\"elementor-element elementor-element-5cd43b4 elementor-widget elementor-widget-image\" data-id=\"5cd43b4\" data-element_type=\"widget\" data-e-type=\"widget\" data-widget_type=\"image.default\">\n\t\t\t\t<div class=\"elementor-widget-container\">\n\t\t\t\t\t\t\t\t\t\t\t\t\t\t\t<img loading=\"lazy\" decoding=\"async\" width=\"176\" height=\"116\" src=\"https:\/\/aquilombos.org\/wp-content\/uploads\/2024\/11\/Banco_Do_Brasil_logo_PNG2-1-2.png\" class=\"attachment-large size-large wp-image-1322\" alt=\"\" \/>\t\t\t\t\t\t\t\t\t\t\t\t\t\t\t<\/div>\n\t\t\t\t<\/div>\n\t\t\t\t<\/div>\n\t\t\t\t<div class=\"elementor-element elementor-element-1c2af18 elementor-widget elementor-widget-text-editor\" data-id=\"1c2af18\" data-element_type=\"widget\" data-e-type=\"widget\" data-widget_type=\"text-editor.default\">\n\t\t\t\t<div class=\"elementor-widget-container\">\n\t\t\t\t\t\t\t\t\t<p>Associa\u00e7\u00e3o do Territ\u00f3rio \u2028\u00c9tnico Quilombola de Alc\u00e2ntara<br><span style=\"background-color: var(--ast-global-color-4); color: var( --e-global-color-text ); font-family: var( --e-global-typography-text-font-family ), Sans-serif; font-style: inherit; font-weight: inherit; text-align: var(--text-align); letter-spacing: 0px;\">CNPJ: 40.915.749\/0001-83.<br><\/span><span style=\"background-color: var(--ast-global-color-4); color: var( --e-global-color-text ); font-family: var( --e-global-typography-text-font-family ), Sans-serif; font-style: inherit; font-weight: inherit; text-align: var(--text-align); letter-spacing: 0px;\">Agency: 4729-5.<br><\/span><span style=\"background-color: var(--ast-global-color-4); color: var( --e-global-color-text ); font-family: var( --e-global-typography-text-font-family ), Sans-serif; font-style: inherit; font-weight: inherit; text-align: var(--text-align); letter-spacing: 0px;\">C\/C: 13573-9.&nbsp;<br><\/span><span style=\"background-color: var(--ast-global-color-4); color: var( --e-global-color-text ); font-family: var( --e-global-typography-text-font-family ), Sans-serif; font-style: inherit; font-weight: inherit; text-align: var(--text-align); letter-spacing: 0px;\">BANCO DO BRASIL<\/span><\/p>\t\t\t\t\t\t\t\t<\/div>\n\t\t\t\t<\/div>\n\t\t\t\t<\/div>\n\t\t\t\t\t<\/div>\n\t\t\t\t<\/div>\n\t\t<div class=\"elementor-element elementor-element-4b237c3 e-grid e-con-boxed e-con e-parent\" data-id=\"4b237c3\" data-element_type=\"container\" data-e-type=\"container\" data-settings=\"{&quot;background_background&quot;:&quot;classic&quot;}\">\n\t\t\t\t\t<div class=\"e-con-inner\">\n\t\t\t\t<div class=\"elementor-element elementor-element-8099c8d elementor-widget elementor-widget-text-editor\" data-id=\"8099c8d\" data-element_type=\"widget\" data-e-type=\"widget\" data-widget_type=\"text-editor.default\">\n\t\t\t\t<div class=\"elementor-widget-container\">\n\t\t\t\t\t\t\t\t\t<p>\u201cMy vision is very big. I want Santa Maria to be benefited with all the things we need for improvement. For it to have a worthy teacher for our students and also for us, rural workers &#8230; I want a worthy road, a better school. Instead of our students leaving. For them to have a job opportunity here.\u201d<\/p>\t\t\t\t\t\t\t\t<\/div>\n\t\t\t\t<\/div>\n\t\t\t\t<div class=\"elementor-element elementor-element-09f458d elementor-widget elementor-widget-text-editor\" data-id=\"09f458d\" data-element_type=\"widget\" data-e-type=\"widget\" data-widget_type=\"text-editor.default\">\n\t\t\t\t<div class=\"elementor-widget-container\">\n\t\t\t\t\t\t\t\t\t<p>\u2013 Gaudencia Rodrigues Nogueira, Quilombo Santa Maria, Retired School Teacher, Elder, &amp; Community Leader<\/p>\t\t\t\t\t\t\t\t<\/div>\n\t\t\t\t<\/div>\n\t\t\t\t\t<\/div>\n\t\t\t\t<\/div>\n\t\t<div class=\"elementor-element elementor-element-36c54a0 e-flex e-con-boxed e-con e-parent\" data-id=\"36c54a0\" data-element_type=\"container\" data-e-type=\"container\" data-settings=\"{&quot;background_background&quot;:&quot;classic&quot;}\">\n\t\t\t\t\t<div class=\"e-con-inner\">\n\t\t\t\t<div class=\"elementor-element elementor-element-981362c elementor-widget elementor-widget-text-editor\" data-id=\"981362c\" data-element_type=\"widget\" data-e-type=\"widget\" data-widget_type=\"text-editor.default\">\n\t\t\t\t<div class=\"elementor-widget-container\">\n\t\t\t\t\t\t\t\t\t<p>Busy commercial strip in the City of Alc\u00e2ntara, Maranh\u00e3o \u00a9 2024 Cat Diggs\u00a0<\/p>\t\t\t\t\t\t\t\t<\/div>\n\t\t\t\t<\/div>\n\t\t\t\t\t<\/div>\n\t\t\t\t<\/div>\n\t\t\t\t<\/div>\n\t\t","protected":false},"excerpt":{"rendered":"<p>Supporting Our Cause Your donations to the Quilombos of Alc\u00e2ntara will greatly aid our ongoing struggle for recognition of our collective land rights by the Brazilian government. In the immediate future, contributions will be used to acquire a van to increase the connectivity between our neighboring Quilombo communities by supporting transportation to medical facilities, facilitating [&hellip;]<\/p>\n","protected":false},"author":2,"featured_media":0,"parent":0,"menu_order":0,"comment_status":"closed","ping_status":"closed","template":"","meta":{"_uag_custom_page_level_css":"","site-sidebar-layout":"no-sidebar","site-content-layout":"page-builder","ast-site-content-layout":"full-width-container","site-content-style":"default","site-sidebar-style":"default","ast-global-header-display":"","ast-banner-title-visibility":"","ast-main-header-display":"","ast-hfb-above-header-display":"","ast-hfb-below-header-display":"","ast-hfb-mobile-header-display":"","site-post-title":"disabled","ast-breadcrumbs-content":"","ast-featured-img":"disabled","footer-sml-layout":"","ast-disable-related-posts":"","theme-transparent-header-meta":"","adv-header-id-meta":"","stick-header-meta":"","header-above-stick-meta":"","header-main-stick-meta":"","header-below-stick-meta":"","astra-migrate-meta-layouts":"set","ast-page-background-enabled":"default","ast-page-background-meta":{"desktop":{"background-color":"","background-image":"","background-repeat":"repeat","background-position":"center center","background-size":"auto","background-attachment":"scroll","background-type":"","background-media":"","overlay-type":"","overlay-color":"","overlay-opacity":"","overlay-gradient":""},"tablet":{"background-color":"","background-image":"","background-repeat":"repeat","background-position":"center center","background-size":"auto","background-attachment":"scroll","background-type":"","background-media":"","overlay-type":"","overlay-color":"","overlay-opacity":"","overlay-gradient":""},"mobile":{"background-color":"","background-image":"","background-repeat":"repeat","background-position":"center center","background-size":"auto","background-attachment":"scroll","background-type":"","background-media":"","overlay-type":"","overlay-color":"","overlay-opacity":"","overlay-gradient":""}},"ast-content-background-meta":{"desktop":{"background-color":"var(--ast-global-color-5)","background-image":"","background-repeat":"repeat","background-position":"center center","background-size":"auto","background-attachment":"scroll","background-type":"","background-media":"","overlay-type":"","overlay-color":"","overlay-opacity":"","overlay-gradient":""},"tablet":{"background-color":"var(--ast-global-color-5)","background-image":"","background-repeat":"repeat","background-position":"center center","background-size":"auto","background-attachment":"scroll","background-type":"","background-media":"","overlay-type":"","overlay-color":"","overlay-opacity":"","overlay-gradient":""},"mobile":{"background-color":"var(--ast-global-color-5)","background-image":"","background-repeat":"repeat","background-position":"center center","background-size":"auto","background-attachment":"scroll","background-type":"","background-media":"","overlay-type":"","overlay-color":"","overlay-opacity":"","overlay-gradient":""}},"footnotes":""},"class_list":["post-1044","page","type-page","status-publish","hentry"],"uagb_featured_image_src":{"full":false,"thumbnail":false,"medium":false,"medium_large":false,"large":false,"1536x1536":false,"2048x2048":false,"trp-custom-language-flag":false},"uagb_author_info":{"display_name":"Ousauser","author_link":"https:\/\/aquilombos.org\/pt\/author\/ousauser\/"},"uagb_comment_info":0,"uagb_excerpt":"Supporting Our Cause Your donations to the Quilombos of Alc\u00e2ntara will greatly aid our ongoing struggle for recognition of our collective land rights by the Brazilian government. In the immediate future, contributions will be used to acquire a van to increase the connectivity between our neighboring Quilombo communities by supporting transportation to medical facilities, facilitating&hellip;","_links":{"self":[{"href":"https:\/\/aquilombos.org\/pt\/wp-json\/wp\/v2\/pages\/1044","targetHints":{"allow":["GET"]}}],"collection":[{"href":"https:\/\/aquilombos.org\/pt\/wp-json\/wp\/v2\/pages"}],"about":[{"href":"https:\/\/aquilombos.org\/pt\/wp-json\/wp\/v2\/types\/page"}],"author":[{"embeddable":true,"href":"https:\/\/aquilombos.org\/pt\/wp-json\/wp\/v2\/users\/2"}],"replies":[{"embeddable":true,"href":"https:\/\/aquilombos.org\/pt\/wp-json\/wp\/v2\/comments?post=1044"}],"version-history":[{"count":73,"href":"https:\/\/aquilombos.org\/pt\/wp-json\/wp\/v2\/pages\/1044\/revisions"}],"predecessor-version":[{"id":2278,"href":"https:\/\/aquilombos.org\/pt\/wp-json\/wp\/v2\/pages\/1044\/revisions\/2278"}],"wp:attachment":[{"href":"https:\/\/aquilombos.org\/pt\/wp-json\/wp\/v2\/media?parent=1044"}],"curies":[{"name":"wp","href":"https:\/\/api.w.org\/{rel}","templated":true}]}}