{"id":1039,"date":"2024-11-25T15:32:31","date_gmt":"2024-11-25T15:32:31","guid":{"rendered":"https:\/\/aquilombos.org\/?page_id=1039"},"modified":"2026-02-11T18:05:24","modified_gmt":"2026-02-11T18:05:24","slug":"oral-histories","status":"publish","type":"page","link":"https:\/\/aquilombos.org\/pt\/oral-histories\/","title":{"rendered":"Hist\u00f3rias Orais"},"content":{"rendered":"<div data-elementor-type=\"wp-page\" data-elementor-id=\"1039\" class=\"elementor elementor-1039\">\n\t\t\t\t<div class=\"elementor-element elementor-element-2231fca e-grid e-con-boxed e-con e-parent\" data-id=\"2231fca\" data-element_type=\"container\" data-e-type=\"container\" data-settings=\"{&quot;background_background&quot;:&quot;classic&quot;}\">\n\t\t\t\t\t<div class=\"e-con-inner\">\n\t\t<div class=\"elementor-element elementor-element-209cc27 e-con-full e-flex e-con e-child\" data-id=\"209cc27\" data-element_type=\"container\" data-e-type=\"container\">\n\t\t\t\t<div class=\"elementor-element elementor-element-db093ec elementor-widget elementor-widget-heading\" data-id=\"db093ec\" data-element_type=\"widget\" data-e-type=\"widget\" data-widget_type=\"heading.default\">\n\t\t\t\t<div class=\"elementor-widget-container\">\n\t\t\t\t\t<h2 class=\"elementor-heading-title elementor-size-default\">Hist\u00f3rias Orais Quilombolas<\/h2>\t\t\t\t<\/div>\n\t\t\t\t<\/div>\n\t\t\t\t<div class=\"elementor-element elementor-element-7ad288d elementor-widget elementor-widget-text-editor\" data-id=\"7ad288d\" data-element_type=\"widget\" data-e-type=\"widget\" data-widget_type=\"text-editor.default\">\n\t\t\t\t<div class=\"elementor-widget-container\">\n\t\t\t\t\t\t\t\t\t<p><span style=\"white-space-collapse: preserve;\">Hist\u00f3rias Orais com L\u00edderes Quilombolas de Alc\u00e2ntara \u00e9 um projeto iniciado em fevereiro\/mar\u00e7o de 2024, no qual 18 l\u00edderes Quilombolas de diferentes partes de Alc\u00e2ntara, incluindo Canelatiua, Vista Alegre, Santa Maria, Mamuna, S\u00e3o Raimundo, M\u00e1runda, Jabaquara, Morajituba e Itamatatiua, foram entrevistados. Essas entrevistas abordam as diversas e interseccionais tradi\u00e7\u00f5es, hist\u00f3rias e sentidos de identidade que comp\u00f5em nossas comunidades Quilombolas de Alc\u00e2ntara.\u00a0<\/span><\/p><p>O objetivo principal deste projeto de hist\u00f3ria oral \u00e9 preservar, afirmar e valorizar nossas culturas \u00fanicas de resist\u00eancia ao Estado Brasileiro, nossa posse coletiva da terra e nossos modos de vida tradicionais. Fique atento \u00e0s atualiza\u00e7\u00f5es sobre as exposi\u00e7\u00f5es f\u00edsicas e digitais que estaremos organizando para divulgar e valorizar essas hist\u00f3rias para as pessoas no Brasil e al\u00e9m!\u00a0<\/p><p><span style=\"color: #000000; font-family: Arial, sans-serif;\"><span style=\"font-size: 14.6667px; white-space-collapse: preserve;\"><b>YOU CAN FIND THE ENGLISH VERSION OF THIS ORAL HISTORY <\/b><\/span><\/span><a href=\"https:\/\/storymaps.arcgis.com\/stories\/166c79e29a964cf4ac2459870c0d5ce7\" target=\"_blank\" rel=\"noopener\"><u><b>STORYMAP<\/b><\/u><\/a>\u00a0<span style=\"color: #000000; font-family: Arial, sans-serif;\"><span style=\"font-size: 14.6667px; white-space-collapse: preserve;\"><b>AT THIS <\/b><a style=\"font-weight: bold;\" href=\"https:\/\/storymaps.arcgis.com\/stories\/5168068014c241de9b1f6958f465190c\"><u>LINK<\/u><\/a><b>. Voc\u00ea tamb\u00e9m pode encontrar uma lista de reprodu\u00e7\u00e3o completa do YouTube do nosso projeto de Hist\u00f3ria Oral neste <\/b><a href=\"https:\/\/youtube.com\/playlist?list=PLJW0SIhfqYZLp8XTSjwnfdupZOJk6b-z3&amp;si=mKt-bg28GOQCSV0a\"><b><u>link<\/u><\/b><\/a><b>.<\/b><\/span><\/span><\/p>\t\t\t\t\t\t\t\t<\/div>\n\t\t\t\t<\/div>\n\t\t\t\t<\/div>\n\t\t<div class=\"elementor-element elementor-element-ed80cc8 e-con-full e-flex e-con e-child\" data-id=\"ed80cc8\" data-element_type=\"container\" data-e-type=\"container\">\n\t\t\t\t<div class=\"elementor-element elementor-element-0b2fd2d elementor-widget elementor-widget-image\" data-id=\"0b2fd2d\" data-element_type=\"widget\" data-e-type=\"widget\" data-widget_type=\"image.default\">\n\t\t\t\t<div class=\"elementor-widget-container\">\n\t\t\t\t\t\t\t\t\t\t\t\t\t\t\t<img fetchpriority=\"high\" decoding=\"async\" width=\"1024\" height=\"865\" src=\"https:\/\/aquilombos.org\/wp-content\/uploads\/2024\/11\/rocket-launch-tower-at-alcantara-launch-center-in-alcantara-news-photo-1033289592-1553098438-1asdqwd-1024x865.png\" class=\"attachment-large size-large wp-image-1032\" alt=\"\" srcset=\"https:\/\/aquilombos.org\/wp-content\/uploads\/2024\/11\/rocket-launch-tower-at-alcantara-launch-center-in-alcantara-news-photo-1033289592-1553098438-1asdqwd-1024x865.png 1024w, https:\/\/aquilombos.org\/wp-content\/uploads\/2024\/11\/rocket-launch-tower-at-alcantara-launch-center-in-alcantara-news-photo-1033289592-1553098438-1asdqwd-300x253.png 300w, https:\/\/aquilombos.org\/wp-content\/uploads\/2024\/11\/rocket-launch-tower-at-alcantara-launch-center-in-alcantara-news-photo-1033289592-1553098438-1asdqwd-768x649.png 768w, https:\/\/aquilombos.org\/wp-content\/uploads\/2024\/11\/rocket-launch-tower-at-alcantara-launch-center-in-alcantara-news-photo-1033289592-1553098438-1asdqwd.png 1184w\" sizes=\"(max-width: 1024px) 100vw, 1024px\" \/>\t\t\t\t\t\t\t\t\t\t\t\t\t\t\t<\/div>\n\t\t\t\t<\/div>\n\t\t\t\t<div class=\"elementor-element elementor-element-6869070 elementor-widget elementor-widget-text-editor\" data-id=\"6869070\" data-element_type=\"widget\" data-e-type=\"widget\" data-widget_type=\"text-editor.default\">\n\t\t\t\t<div class=\"elementor-widget-container\">\n\t\t\t\t\t\t\t\t\t<p>Entrevista de hist\u00f3ria oral no Quilombo de Itamatatiua, Alc\u00e2ntara, Maranh\u00e3o \u00a9 2024 Cat Diggs\u00a0<\/p>\t\t\t\t\t\t\t\t<\/div>\n\t\t\t\t<\/div>\n\t\t\t\t<\/div>\n\t\t\t\t\t<\/div>\n\t\t\t\t<\/div>\n\t\t<div class=\"elementor-element elementor-element-dc66b9d e-flex e-con-boxed e-con e-parent\" data-id=\"dc66b9d\" data-element_type=\"container\" data-e-type=\"container\">\n\t\t\t\t\t<div class=\"e-con-inner\">\n\t\t<div class=\"elementor-element elementor-element-c3f77f5 e-con-full e-flex e-con e-child\" data-id=\"c3f77f5\" data-element_type=\"container\" data-e-type=\"container\">\n\t\t\t\t<div class=\"elementor-element elementor-element-8aa0a94 elementor-widget elementor-widget-html\" data-id=\"8aa0a94\" data-element_type=\"widget\" data-e-type=\"widget\" data-widget_type=\"html.default\">\n\t\t\t\t<div class=\"elementor-widget-container\">\n\t\t\t\t\t<iframe src=\"https:\/\/storymaps.arcgis.com\/stories\/166c79e29a964cf4ac2459870c0d5ce7\" width=\"100%\" height=\"500px\" frameborder=\"0\" allowfullscreen allow=\"geolocation\"><\/iframe>\n\t\t\t\t<\/div>\n\t\t\t\t<\/div>\n\t\t\t\t<\/div>\n\t\t\t\t\t<\/div>\n\t\t\t\t<\/div>\n\t\t\t\t<\/div>","protected":false},"excerpt":{"rendered":"<p>Quilombola Oral Histories Oral Histories with Quilombola Leaders of Alc\u00e2ntara is a project that started off in February\/March of 2024 through which 18 Quilombola leaders from different parts of Alc\u00e2ntara, including Canelatiua, Vista Alegre, Santa Maria, Mamuna, S\u00e3o Raimundo, M\u00e1runda, Jabaquara, Morajituba, and Itamatatiua, were interviewed. These interviews speak to the diverse and intersecting traditions, [&hellip;]<\/p>\n","protected":false},"author":2,"featured_media":0,"parent":0,"menu_order":0,"comment_status":"closed","ping_status":"closed","template":"","meta":{"_uag_custom_page_level_css":"","site-sidebar-layout":"no-sidebar","site-content-layout":"page-builder","ast-site-content-layout":"full-width-container","site-content-style":"default","site-sidebar-style":"default","ast-global-header-display":"","ast-banner-title-visibility":"","ast-main-header-display":"","ast-hfb-above-header-display":"","ast-hfb-below-header-display":"","ast-hfb-mobile-header-display":"","site-post-title":"disabled","ast-breadcrumbs-content":"","ast-featured-img":"disabled","footer-sml-layout":"","ast-disable-related-posts":"","theme-transparent-header-meta":"","adv-header-id-meta":"","stick-header-meta":"","header-above-stick-meta":"","header-main-stick-meta":"","header-below-stick-meta":"","astra-migrate-meta-layouts":"set","ast-page-background-enabled":"default","ast-page-background-meta":{"desktop":{"background-color":"","background-image":"","background-repeat":"repeat","background-position":"center center","background-size":"auto","background-attachment":"scroll","background-type":"","background-media":"","overlay-type":"","overlay-color":"","overlay-opacity":"","overlay-gradient":""},"tablet":{"background-color":"","background-image":"","background-repeat":"repeat","background-position":"center center","background-size":"auto","background-attachment":"scroll","background-type":"","background-media":"","overlay-type":"","overlay-color":"","overlay-opacity":"","overlay-gradient":""},"mobile":{"background-color":"","background-image":"","background-repeat":"repeat","background-position":"center center","background-size":"auto","background-attachment":"scroll","background-type":"","background-media":"","overlay-type":"","overlay-color":"","overlay-opacity":"","overlay-gradient":""}},"ast-content-background-meta":{"desktop":{"background-color":"var(--ast-global-color-5)","background-image":"","background-repeat":"repeat","background-position":"center center","background-size":"auto","background-attachment":"scroll","background-type":"","background-media":"","overlay-type":"","overlay-color":"","overlay-opacity":"","overlay-gradient":""},"tablet":{"background-color":"var(--ast-global-color-5)","background-image":"","background-repeat":"repeat","background-position":"center center","background-size":"auto","background-attachment":"scroll","background-type":"","background-media":"","overlay-type":"","overlay-color":"","overlay-opacity":"","overlay-gradient":""},"mobile":{"background-color":"var(--ast-global-color-5)","background-image":"","background-repeat":"repeat","background-position":"center center","background-size":"auto","background-attachment":"scroll","background-type":"","background-media":"","overlay-type":"","overlay-color":"","overlay-opacity":"","overlay-gradient":""}},"footnotes":""},"class_list":["post-1039","page","type-page","status-publish","hentry"],"uagb_featured_image_src":{"full":false,"thumbnail":false,"medium":false,"medium_large":false,"large":false,"1536x1536":false,"2048x2048":false,"trp-custom-language-flag":false},"uagb_author_info":{"display_name":"Ousauser","author_link":"https:\/\/aquilombos.org\/pt\/author\/ousauser\/"},"uagb_comment_info":0,"uagb_excerpt":"Quilombola Oral Histories Oral Histories with Quilombola Leaders of Alc\u00e2ntara is a project that started off in February\/March of 2024 through which 18 Quilombola leaders from different parts of Alc\u00e2ntara, including Canelatiua, Vista Alegre, Santa Maria, Mamuna, S\u00e3o Raimundo, M\u00e1runda, Jabaquara, Morajituba, and Itamatatiua, were interviewed. These interviews speak to the diverse and intersecting traditions,&hellip;","_links":{"self":[{"href":"https:\/\/aquilombos.org\/pt\/wp-json\/wp\/v2\/pages\/1039","targetHints":{"allow":["GET"]}}],"collection":[{"href":"https:\/\/aquilombos.org\/pt\/wp-json\/wp\/v2\/pages"}],"about":[{"href":"https:\/\/aquilombos.org\/pt\/wp-json\/wp\/v2\/types\/page"}],"author":[{"embeddable":true,"href":"https:\/\/aquilombos.org\/pt\/wp-json\/wp\/v2\/users\/2"}],"replies":[{"embeddable":true,"href":"https:\/\/aquilombos.org\/pt\/wp-json\/wp\/v2\/comments?post=1039"}],"version-history":[{"count":11,"href":"https:\/\/aquilombos.org\/pt\/wp-json\/wp\/v2\/pages\/1039\/revisions"}],"predecessor-version":[{"id":2451,"href":"https:\/\/aquilombos.org\/pt\/wp-json\/wp\/v2\/pages\/1039\/revisions\/2451"}],"wp:attachment":[{"href":"https:\/\/aquilombos.org\/pt\/wp-json\/wp\/v2\/media?parent=1039"}],"curies":[{"name":"wp","href":"https:\/\/api.w.org\/{rel}","templated":true}]}}