{"id":1029,"date":"2024-11-25T15:21:01","date_gmt":"2024-11-25T15:21:01","guid":{"rendered":"https:\/\/aquilombos.org\/?page_id=1029"},"modified":"2025-01-11T23:17:40","modified_gmt":"2025-01-11T23:17:40","slug":"voices-visions-2","status":"publish","type":"page","link":"https:\/\/aquilombos.org\/pt\/voices-visions-2\/","title":{"rendered":"Vozes e Vis\u00f5es"},"content":{"rendered":"<div data-elementor-type=\"wp-page\" data-elementor-id=\"1029\" class=\"elementor elementor-1029\">\n\t\t\t\t<div class=\"elementor-element elementor-element-08be78b e-grid e-con-boxed e-con e-parent\" data-id=\"08be78b\" data-element_type=\"container\" data-e-type=\"container\" data-settings=\"{&quot;background_background&quot;:&quot;classic&quot;}\">\n\t\t\t\t\t<div class=\"e-con-inner\">\n\t\t<div class=\"elementor-element elementor-element-3bd5d21 e-con-full e-flex e-con e-child\" data-id=\"3bd5d21\" data-element_type=\"container\" data-e-type=\"container\">\n\t\t\t\t<div class=\"elementor-element elementor-element-3269d7a elementor-widget elementor-widget-heading\" data-id=\"3269d7a\" data-element_type=\"widget\" data-e-type=\"widget\" data-widget_type=\"heading.default\">\n\t\t\t\t<div class=\"elementor-widget-container\">\n\t\t\t\t\t<h2 class=\"elementor-heading-title elementor-size-default\"><b>Vozes e Vis\u00f5es Quilombolas<\/b><\/h2>\t\t\t\t<\/div>\n\t\t\t\t<\/div>\n\t\t\t\t<div class=\"elementor-element elementor-element-7a78ee9 elementor-widget elementor-widget-text-editor\" data-id=\"7a78ee9\" data-element_type=\"widget\" data-e-type=\"widget\" data-widget_type=\"text-editor.default\">\n\t\t\t\t<div class=\"elementor-widget-container\">\n\t\t\t\t\t\t\t\t\t<p>26 membros das comunidades Quilombolas de Canelatiua, Itamatatiua, S\u00e3o Jo\u00e3o de C\u00f4rtes, Santa Maria e S\u00e3o Maur\u00edcio celebram nossa subsist\u00eancia, cultura tradicional, territ\u00f3rio e comunidade de maneiras mais org\u00e2nicas e aut\u00eanticas, atrav\u00e9s de nossas lentes e vozes. Esses relatos visuais e reflex\u00f5es destacam nossa profunda conex\u00e3o com a experi\u00eancia coletiva e o senso de pertencimento por meio de nossas identidades compartilhadas. N\u00f3s conhecemos nossas hist\u00f3rias melhor do que ningu\u00e9m. Por isso, somos n\u00f3s que devemos lan\u00e7ar luz sobre o que mais importa para n\u00f3s. Atrav\u00e9s da produ\u00e7\u00e3o democr\u00e1tica de dados e da narrativa, promovemos contra-narrativas para reescrever nossa hist\u00f3ria e mobilizar capital social e pol\u00edtico para avan\u00e7ar nossos direitos \u00e0 soberania e autodetermina\u00e7\u00e3o. Essas obras de arte compartilham com o mundo a beleza de nossas terras e modos de vida, al\u00e9m da import\u00e2ncia vital de preserv\u00e1-los.&nbsp;<\/p>\n<p><span style=\"background-color: transparent; text-align: var(--text-align);\"><span style=\"color: #000000; font-family: Arial, sans-serif;\"><span style=\"font-size: 14.6667px; white-space-collapse: preserve;\"><b>Role para baixo at\u00e9 o <\/b><u><b><a href=\"https:\/\/storymaps.arcgis.com\/stories\/cb781a8b8e024c919780456942a7b4d0\" style=\"\">StoryMap<\/a><\/b><\/u><b> abaixo para explorar nossas Vozes e Vis\u00f5es em a\u00e7\u00e3o! VOC\u00ca PODE ENCONTRAR A VERS\u00c3O EM INGL\u00caS DESTE STORYMAP DO ARCGIS NESTE <\/b><a href=\"https:\/\/storymaps.arcgis.com\/stories\/2d1c5962e6974270869c782f7e747ca9\" style=\"font-weight: bold;\"><u>LINK<\/u><\/a><b>.<\/b><\/span><\/span><b style=\"color: #000000; font-family: Arial, sans-serif; font-size: 14.6667px; white-space-collapse: preserve;\"><\/b><\/span><\/p>\t\t\t\t\t\t\t\t<\/div>\n\t\t\t\t<\/div>\n\t\t\t\t<\/div>\n\t\t<div class=\"elementor-element elementor-element-84fd521 e-con-full e-flex e-con e-child\" data-id=\"84fd521\" data-element_type=\"container\" data-e-type=\"container\">\n\t\t\t\t<div class=\"elementor-element elementor-element-93bfa9e elementor-widget elementor-widget-image\" data-id=\"93bfa9e\" data-element_type=\"widget\" data-e-type=\"widget\" data-widget_type=\"image.default\">\n\t\t\t\t<div class=\"elementor-widget-container\">\n\t\t\t\t\t\t\t\t\t\t\t\t\t\t\t<img fetchpriority=\"high\" decoding=\"async\" width=\"1024\" height=\"768\" src=\"https:\/\/aquilombos.org\/wp-content\/uploads\/2024\/11\/IMG_5606-1-1024x768.jpg\" class=\"attachment-large size-large wp-image-1266\" alt=\"\" srcset=\"https:\/\/aquilombos.org\/wp-content\/uploads\/2024\/11\/IMG_5606-1-1024x768.jpg 1024w, https:\/\/aquilombos.org\/wp-content\/uploads\/2024\/11\/IMG_5606-1-300x225.jpg 300w, https:\/\/aquilombos.org\/wp-content\/uploads\/2024\/11\/IMG_5606-1-768x576.jpg 768w, https:\/\/aquilombos.org\/wp-content\/uploads\/2024\/11\/IMG_5606-1-1536x1152.jpg 1536w, https:\/\/aquilombos.org\/wp-content\/uploads\/2024\/11\/IMG_5606-1-2048x1536.jpg 2048w\" sizes=\"(max-width: 1024px) 100vw, 1024px\" \/>\t\t\t\t\t\t\t\t\t\t\t\t\t\t\t<\/div>\n\t\t\t\t<\/div>\n\t\t\t\t<div class=\"elementor-element elementor-element-63348e4 elementor-widget elementor-widget-text-editor\" data-id=\"63348e4\" data-element_type=\"widget\" data-e-type=\"widget\" data-widget_type=\"text-editor.default\">\n\t\t\t\t<div class=\"elementor-widget-container\">\n\t\t\t\t\t\t\t\t\t<p>Workshop foto e voz ministrado no Quilombo Itamatatiua, Alc\u00e2ntara, Maranh\u00e3o \u00a9 2024 Cat Diggs\u00a0<\/p>\t\t\t\t\t\t\t\t<\/div>\n\t\t\t\t<\/div>\n\t\t\t\t<\/div>\n\t\t\t\t\t<\/div>\n\t\t\t\t<\/div>\n\t\t<div class=\"elementor-element elementor-element-38c9670 e-flex e-con-boxed e-con e-parent\" data-id=\"38c9670\" data-element_type=\"container\" data-e-type=\"container\">\n\t\t\t\t\t<div class=\"e-con-inner\">\n\t\t<div class=\"elementor-element elementor-element-92021c4 e-con-full e-flex e-con e-child\" data-id=\"92021c4\" data-element_type=\"container\" data-e-type=\"container\">\n\t\t\t\t<div class=\"elementor-element elementor-element-db3fb22 elementor-widget elementor-widget-html\" data-id=\"db3fb22\" data-element_type=\"widget\" data-e-type=\"widget\" data-widget_type=\"html.default\">\n\t\t\t\t<div class=\"elementor-widget-container\">\n\t\t\t\t\t<iframe src=\"https:\/\/storymaps.arcgis.com\/stories\/cb781a8b8e024c919780456942a7b4d0\" width=\"100%\" height=\"500px\" frameborder=\"0\" allowfullscreen allow=\"geolocation\"><\/iframe>\t\t\t\t<\/div>\n\t\t\t\t<\/div>\n\t\t\t\t<\/div>\n\t\t\t\t\t<\/div>\n\t\t\t\t<\/div>\n\t\t\t\t<\/div>","protected":false},"excerpt":{"rendered":"<p>Quilombola Voices &amp; Visions Twenty-six Quilombola community members from Canelatiua, Itamatatiua, S\u00e3o Jo\u00e3o de C\u00f4rtes, Santa Maria, and S\u00e3o Mauricio celebrate our sustenance, traditional culture, territory, and community in the most organic and authentic ways through our lenses and voices. These visual recounts and reflections highlight our deep-rooted connection to collective experience and belonging through [&hellip;]<\/p>\n","protected":false},"author":2,"featured_media":0,"parent":0,"menu_order":0,"comment_status":"closed","ping_status":"closed","template":"","meta":{"_uag_custom_page_level_css":"","site-sidebar-layout":"no-sidebar","site-content-layout":"page-builder","ast-site-content-layout":"full-width-container","site-content-style":"default","site-sidebar-style":"default","ast-global-header-display":"","ast-banner-title-visibility":"","ast-main-header-display":"","ast-hfb-above-header-display":"","ast-hfb-below-header-display":"","ast-hfb-mobile-header-display":"","site-post-title":"disabled","ast-breadcrumbs-content":"","ast-featured-img":"disabled","footer-sml-layout":"","ast-disable-related-posts":"","theme-transparent-header-meta":"","adv-header-id-meta":"","stick-header-meta":"","header-above-stick-meta":"","header-main-stick-meta":"","header-below-stick-meta":"","astra-migrate-meta-layouts":"set","ast-page-background-enabled":"default","ast-page-background-meta":{"desktop":{"background-color":"","background-image":"","background-repeat":"repeat","background-position":"center center","background-size":"auto","background-attachment":"scroll","background-type":"","background-media":"","overlay-type":"","overlay-color":"","overlay-opacity":"","overlay-gradient":""},"tablet":{"background-color":"","background-image":"","background-repeat":"repeat","background-position":"center center","background-size":"auto","background-attachment":"scroll","background-type":"","background-media":"","overlay-type":"","overlay-color":"","overlay-opacity":"","overlay-gradient":""},"mobile":{"background-color":"","background-image":"","background-repeat":"repeat","background-position":"center center","background-size":"auto","background-attachment":"scroll","background-type":"","background-media":"","overlay-type":"","overlay-color":"","overlay-opacity":"","overlay-gradient":""}},"ast-content-background-meta":{"desktop":{"background-color":"var(--ast-global-color-5)","background-image":"","background-repeat":"repeat","background-position":"center center","background-size":"auto","background-attachment":"scroll","background-type":"","background-media":"","overlay-type":"","overlay-color":"","overlay-opacity":"","overlay-gradient":""},"tablet":{"background-color":"var(--ast-global-color-5)","background-image":"","background-repeat":"repeat","background-position":"center center","background-size":"auto","background-attachment":"scroll","background-type":"","background-media":"","overlay-type":"","overlay-color":"","overlay-opacity":"","overlay-gradient":""},"mobile":{"background-color":"var(--ast-global-color-5)","background-image":"","background-repeat":"repeat","background-position":"center center","background-size":"auto","background-attachment":"scroll","background-type":"","background-media":"","overlay-type":"","overlay-color":"","overlay-opacity":"","overlay-gradient":""}},"footnotes":""},"class_list":["post-1029","page","type-page","status-publish","hentry"],"uagb_featured_image_src":{"full":false,"thumbnail":false,"medium":false,"medium_large":false,"large":false,"1536x1536":false,"2048x2048":false,"trp-custom-language-flag":false},"uagb_author_info":{"display_name":"Ousauser","author_link":"https:\/\/aquilombos.org\/pt\/author\/ousauser\/"},"uagb_comment_info":0,"uagb_excerpt":"Quilombola Voices &amp; Visions Twenty-six Quilombola community members from Canelatiua, Itamatatiua, S\u00e3o Jo\u00e3o de C\u00f4rtes, Santa Maria, and S\u00e3o Mauricio celebrate our sustenance, traditional culture, territory, and community in the most organic and authentic ways through our lenses and voices. These visual recounts and reflections highlight our deep-rooted connection to collective experience and belonging through&hellip;","_links":{"self":[{"href":"https:\/\/aquilombos.org\/pt\/wp-json\/wp\/v2\/pages\/1029","targetHints":{"allow":["GET"]}}],"collection":[{"href":"https:\/\/aquilombos.org\/pt\/wp-json\/wp\/v2\/pages"}],"about":[{"href":"https:\/\/aquilombos.org\/pt\/wp-json\/wp\/v2\/types\/page"}],"author":[{"embeddable":true,"href":"https:\/\/aquilombos.org\/pt\/wp-json\/wp\/v2\/users\/2"}],"replies":[{"embeddable":true,"href":"https:\/\/aquilombos.org\/pt\/wp-json\/wp\/v2\/comments?post=1029"}],"version-history":[{"count":66,"href":"https:\/\/aquilombos.org\/pt\/wp-json\/wp\/v2\/pages\/1029\/revisions"}],"predecessor-version":[{"id":2199,"href":"https:\/\/aquilombos.org\/pt\/wp-json\/wp\/v2\/pages\/1029\/revisions\/2199"}],"wp:attachment":[{"href":"https:\/\/aquilombos.org\/pt\/wp-json\/wp\/v2\/media?parent=1029"}],"curies":[{"name":"wp","href":"https:\/\/api.w.org\/{rel}","templated":true}]}}